{"id":33,"date":"2025-03-05T16:20:51","date_gmt":"2025-03-05T16:20:51","guid":{"rendered":"https:\/\/comprarlsdmonterrey.com\/?page_id=33"},"modified":"2025-03-05T16:20:51","modified_gmt":"2025-03-05T16:20:51","slug":"metatags2","status":"publish","type":"page","link":"https:\/\/comprarlsdmonterrey.com\/index.php\/metatags2\/","title":{"rendered":"metatags2"},"content":{"rendered":"<article class=\"w-full text-token-text-primary focus-visible:outline-2 focus-visible:outline-offset-[-4px]\" dir=\"auto\" data-testid=\"conversation-turn-21\" data-scroll-anchor=\"true\">\n<div class=\"m-auto text-base py-[18px] px-6\">\n<div class=\"mx-auto flex flex-1 text-base gap-4 md:gap-5 lg:gap-6 md:max-w-3xl\">\n<div class=\"group\/conversation-turn relative flex w-full min-w-0 flex-col agent-turn @xs\/thread:px-0 @sm\/thread:px-1.5 @md\/thread:px-4\">\n<div class=\"flex-col gap-1 md:gap-3\">\n<div class=\"flex max-w-full flex-col flex-grow\">\n<div class=\"min-h-8 text-message relative flex w-full flex-col items-end gap-2 whitespace-normal break-words text-start [.text-message+&amp;]:mt-5\" dir=\"auto\" data-message-author-role=\"assistant\" data-message-id=\"aa00099e-2ee8-4219-a1c7-2d94e108b9cc\" data-message-model-slug=\"gpt-4o-mini\">\n<div class=\"flex w-full flex-col gap-1 empty:hidden first:pt-[3px]\">\n<div class=\"result-streaming markdown prose w-full break-words dark:prose-invert light\">\n<p data-start=\"119\" data-end=\"968\" data-is-last-node=\"\" data-is-only-node=\"\">Albert Einstein, teor\u00eda de la relatividad, f\u00edsica te\u00f3rica, f\u00edsica moderna, teor\u00eda de la relatividad especial, teor\u00eda de la relatividad general, ecuaci\u00f3n E=mc\u00b2, Einstein biograf\u00eda, Nobel de f\u00edsica, Einstein vida, Einstein legado, descubrimientos de Einstein, Einstein contribuciones a la ciencia, f\u00edsica cu\u00e1ntica, principio de equivalencia, espacio-tiempo, f\u00edsica cl\u00e1sica, paradoja de Einstein, Einstein y la bomba at\u00f3mica, la vida de Albert Einstein, Einstein en la historia, f\u00edsica del siglo XX, Einstein y la mec\u00e1nica cu\u00e1ntica, Einstein y el efecto fotoel\u00e9ctrico, campo gravitacional, teor\u00eda del campo unificado, Albert Einstein 1879-1955, Albert Einstein en la cultura popular, frases de Albert Einstein, citas de Einstein, libros sobre Einstein, inteligencia de Einstein, Einstein y la relatividad, historia de la f\u00edsica, historia de la ciencia,<\/p>\n<\/div>\n<\/div>\n<\/div>\n<\/div>\n<\/div>\n<div class=\"absolute\">\n<div class=\"flex items-center justify-center\"><\/div>\n<\/div>\n<\/div>\n<\/div>\n<\/div>\n<\/article>\n<div class=\"pointer-events-none h-px w-px\" aria-hidden=\"true\" data-edge=\"true\"><\/div>\n","protected":false},"excerpt":{"rendered":"<p>Albert Einstein, teor\u00eda de la relatividad, f\u00edsica te\u00f3rica, f\u00edsica moderna, teor\u00eda de la relatividad especial, teor\u00eda de la relatividad general, ecuaci\u00f3n E=mc\u00b2, Einstein biograf\u00eda, Nobel de f\u00edsica, Einstein vida, Einstein legado, descubrimientos de Einstein, Einstein contribuciones a la ciencia, f\u00edsica cu\u00e1ntica, principio de equivalencia, espacio-tiempo, f\u00edsica cl\u00e1sica, paradoja de Einstein, Einstein y la bomba at\u00f3mica, [&hellip;]<\/p>\n","protected":false},"author":1,"featured_media":0,"parent":0,"menu_order":0,"comment_status":"closed","ping_status":"closed","template":"","meta":{"footnotes":""},"class_list":["post-33","page","type-page","status-publish","hentry"],"yoast_head":"<!-- This site is optimized with the Yoast SEO plugin v27.6 - https:\/\/yoast.com\/product\/yoast-seo-wordpress\/ -->\n<title>metatags2 - Comprar LSD Avatares en Monterrey Nuevo Leon, Rapido, Seguro y en Mano -+528132769756 whatsapp<\/title>\n<meta name=\"robots\" content=\"index, follow, max-snippet:-1, max-image-preview:large, max-video-preview:-1\" \/>\n<link rel=\"canonical\" href=\"https:\/\/comprarlsdmonterrey.com\/index.php\/metatags2\/\" \/>\n<meta property=\"og:locale\" content=\"en_US\" \/>\n<meta property=\"og:type\" content=\"article\" \/>\n<meta property=\"og:title\" content=\"metatags2 - Comprar LSD Avatares en Monterrey Nuevo Leon, Rapido, Seguro y en Mano -+528132769756 whatsapp\" \/>\n<meta property=\"og:description\" content=\"Albert Einstein, teor\u00eda de la relatividad, f\u00edsica te\u00f3rica, f\u00edsica moderna, teor\u00eda de la relatividad especial, teor\u00eda de la relatividad general, ecuaci\u00f3n E=mc\u00b2, Einstein biograf\u00eda, Nobel de f\u00edsica, Einstein vida, Einstein legado, descubrimientos de Einstein, Einstein contribuciones a la ciencia, f\u00edsica cu\u00e1ntica, principio de equivalencia, espacio-tiempo, f\u00edsica cl\u00e1sica, paradoja de Einstein, Einstein y la bomba at\u00f3mica, [&hellip;]\" \/>\n<meta property=\"og:url\" content=\"https:\/\/comprarlsdmonterrey.com\/index.php\/metatags2\/\" \/>\n<meta property=\"og:site_name\" content=\"Comprar LSD Avatares en Monterrey Nuevo Leon, Rapido, Seguro y en Mano -+528132769756 whatsapp\" \/>\n<meta name=\"twitter:card\" content=\"summary_large_image\" \/>\n<script type=\"application\/ld+json\" class=\"yoast-schema-graph\">{\"@context\":\"https:\\\/\\\/schema.org\",\"@graph\":[{\"@type\":\"WebPage\",\"@id\":\"https:\\\/\\\/comprarlsdmonterrey.com\\\/index.php\\\/metatags2\\\/\",\"url\":\"https:\\\/\\\/comprarlsdmonterrey.com\\\/index.php\\\/metatags2\\\/\",\"name\":\"metatags2 - Comprar LSD Avatares en Monterrey Nuevo Leon, Rapido, Seguro y en Mano -+528132769756 whatsapp\",\"isPartOf\":{\"@id\":\"https:\\\/\\\/comprarlsdmonterrey.com\\\/#website\"},\"datePublished\":\"2025-03-05T16:20:51+00:00\",\"breadcrumb\":{\"@id\":\"https:\\\/\\\/comprarlsdmonterrey.com\\\/index.php\\\/metatags2\\\/#breadcrumb\"},\"inLanguage\":\"en-US\",\"potentialAction\":[{\"@type\":\"ReadAction\",\"target\":[\"https:\\\/\\\/comprarlsdmonterrey.com\\\/index.php\\\/metatags2\\\/\"]}]},{\"@type\":\"BreadcrumbList\",\"@id\":\"https:\\\/\\\/comprarlsdmonterrey.com\\\/index.php\\\/metatags2\\\/#breadcrumb\",\"itemListElement\":[{\"@type\":\"ListItem\",\"position\":1,\"name\":\"Home\",\"item\":\"https:\\\/\\\/comprarlsdmonterrey.com\\\/\"},{\"@type\":\"ListItem\",\"position\":2,\"name\":\"metatags2\"}]},{\"@type\":\"WebSite\",\"@id\":\"https:\\\/\\\/comprarlsdmonterrey.com\\\/#website\",\"url\":\"https:\\\/\\\/comprarlsdmonterrey.com\\\/\",\"name\":\"Comprar Avatares en Monterrey Nuevo Leon Rapido\",\"description\":\"Entregas en mano en monterrey nuevo leon y envios a toda la republica +528132769756 whatsapp\",\"publisher\":{\"@id\":\"https:\\\/\\\/comprarlsdmonterrey.com\\\/#organization\"},\"potentialAction\":[{\"@type\":\"SearchAction\",\"target\":{\"@type\":\"EntryPoint\",\"urlTemplate\":\"https:\\\/\\\/comprarlsdmonterrey.com\\\/?s={search_term_string}\"},\"query-input\":{\"@type\":\"PropertyValueSpecification\",\"valueRequired\":true,\"valueName\":\"search_term_string\"}}],\"inLanguage\":\"en-US\"},{\"@type\":\"Organization\",\"@id\":\"https:\\\/\\\/comprarlsdmonterrey.com\\\/#organization\",\"name\":\"Comprar Avatares en Monterrey Nuevo Leon Rapido\",\"url\":\"https:\\\/\\\/comprarlsdmonterrey.com\\\/\",\"logo\":{\"@type\":\"ImageObject\",\"inLanguage\":\"en-US\",\"@id\":\"https:\\\/\\\/comprarlsdmonterrey.com\\\/#\\\/schema\\\/logo\\\/image\\\/\",\"url\":\"https:\\\/\\\/comprarlsdmonterrey.com\\\/wp-content\\\/uploads\\\/2025\\\/03\\\/lv7dyhqsbrv31-300x300-1.jpg\",\"contentUrl\":\"https:\\\/\\\/comprarlsdmonterrey.com\\\/wp-content\\\/uploads\\\/2025\\\/03\\\/lv7dyhqsbrv31-300x300-1.jpg\",\"width\":300,\"height\":300,\"caption\":\"Comprar Avatares en Monterrey Nuevo Leon Rapido\"},\"image\":{\"@id\":\"https:\\\/\\\/comprarlsdmonterrey.com\\\/#\\\/schema\\\/logo\\\/image\\\/\"}}]}<\/script>\n<!-- \/ Yoast SEO plugin. -->","yoast_head_json":{"title":"metatags2 - Comprar LSD Avatares en Monterrey Nuevo Leon, Rapido, Seguro y en Mano -+528132769756 whatsapp","robots":{"index":"index","follow":"follow","max-snippet":"max-snippet:-1","max-image-preview":"max-image-preview:large","max-video-preview":"max-video-preview:-1"},"canonical":"https:\/\/comprarlsdmonterrey.com\/index.php\/metatags2\/","og_locale":"en_US","og_type":"article","og_title":"metatags2 - Comprar LSD Avatares en Monterrey Nuevo Leon, Rapido, Seguro y en Mano -+528132769756 whatsapp","og_description":"Albert Einstein, teor\u00eda de la relatividad, f\u00edsica te\u00f3rica, f\u00edsica moderna, teor\u00eda de la relatividad especial, teor\u00eda de la relatividad general, ecuaci\u00f3n E=mc\u00b2, Einstein biograf\u00eda, Nobel de f\u00edsica, Einstein vida, Einstein legado, descubrimientos de Einstein, Einstein contribuciones a la ciencia, f\u00edsica cu\u00e1ntica, principio de equivalencia, espacio-tiempo, f\u00edsica cl\u00e1sica, paradoja de Einstein, Einstein y la bomba at\u00f3mica, [&hellip;]","og_url":"https:\/\/comprarlsdmonterrey.com\/index.php\/metatags2\/","og_site_name":"Comprar LSD Avatares en Monterrey Nuevo Leon, Rapido, Seguro y en Mano -+528132769756 whatsapp","twitter_card":"summary_large_image","schema":{"@context":"https:\/\/schema.org","@graph":[{"@type":"WebPage","@id":"https:\/\/comprarlsdmonterrey.com\/index.php\/metatags2\/","url":"https:\/\/comprarlsdmonterrey.com\/index.php\/metatags2\/","name":"metatags2 - Comprar LSD Avatares en Monterrey Nuevo Leon, Rapido, Seguro y en Mano -+528132769756 whatsapp","isPartOf":{"@id":"https:\/\/comprarlsdmonterrey.com\/#website"},"datePublished":"2025-03-05T16:20:51+00:00","breadcrumb":{"@id":"https:\/\/comprarlsdmonterrey.com\/index.php\/metatags2\/#breadcrumb"},"inLanguage":"en-US","potentialAction":[{"@type":"ReadAction","target":["https:\/\/comprarlsdmonterrey.com\/index.php\/metatags2\/"]}]},{"@type":"BreadcrumbList","@id":"https:\/\/comprarlsdmonterrey.com\/index.php\/metatags2\/#breadcrumb","itemListElement":[{"@type":"ListItem","position":1,"name":"Home","item":"https:\/\/comprarlsdmonterrey.com\/"},{"@type":"ListItem","position":2,"name":"metatags2"}]},{"@type":"WebSite","@id":"https:\/\/comprarlsdmonterrey.com\/#website","url":"https:\/\/comprarlsdmonterrey.com\/","name":"Comprar Avatares en Monterrey Nuevo Leon Rapido","description":"Entregas en mano en monterrey nuevo leon y envios a toda la republica +528132769756 whatsapp","publisher":{"@id":"https:\/\/comprarlsdmonterrey.com\/#organization"},"potentialAction":[{"@type":"SearchAction","target":{"@type":"EntryPoint","urlTemplate":"https:\/\/comprarlsdmonterrey.com\/?s={search_term_string}"},"query-input":{"@type":"PropertyValueSpecification","valueRequired":true,"valueName":"search_term_string"}}],"inLanguage":"en-US"},{"@type":"Organization","@id":"https:\/\/comprarlsdmonterrey.com\/#organization","name":"Comprar Avatares en Monterrey Nuevo Leon Rapido","url":"https:\/\/comprarlsdmonterrey.com\/","logo":{"@type":"ImageObject","inLanguage":"en-US","@id":"https:\/\/comprarlsdmonterrey.com\/#\/schema\/logo\/image\/","url":"https:\/\/comprarlsdmonterrey.com\/wp-content\/uploads\/2025\/03\/lv7dyhqsbrv31-300x300-1.jpg","contentUrl":"https:\/\/comprarlsdmonterrey.com\/wp-content\/uploads\/2025\/03\/lv7dyhqsbrv31-300x300-1.jpg","width":300,"height":300,"caption":"Comprar Avatares en Monterrey Nuevo Leon Rapido"},"image":{"@id":"https:\/\/comprarlsdmonterrey.com\/#\/schema\/logo\/image\/"}}]}},"_links":{"self":[{"href":"https:\/\/comprarlsdmonterrey.com\/index.php\/wp-json\/wp\/v2\/pages\/33","targetHints":{"allow":["GET"]}}],"collection":[{"href":"https:\/\/comprarlsdmonterrey.com\/index.php\/wp-json\/wp\/v2\/pages"}],"about":[{"href":"https:\/\/comprarlsdmonterrey.com\/index.php\/wp-json\/wp\/v2\/types\/page"}],"author":[{"embeddable":true,"href":"https:\/\/comprarlsdmonterrey.com\/index.php\/wp-json\/wp\/v2\/users\/1"}],"replies":[{"embeddable":true,"href":"https:\/\/comprarlsdmonterrey.com\/index.php\/wp-json\/wp\/v2\/comments?post=33"}],"version-history":[{"count":1,"href":"https:\/\/comprarlsdmonterrey.com\/index.php\/wp-json\/wp\/v2\/pages\/33\/revisions"}],"predecessor-version":[{"id":34,"href":"https:\/\/comprarlsdmonterrey.com\/index.php\/wp-json\/wp\/v2\/pages\/33\/revisions\/34"}],"wp:attachment":[{"href":"https:\/\/comprarlsdmonterrey.com\/index.php\/wp-json\/wp\/v2\/media?parent=33"}],"curies":[{"name":"wp","href":"https:\/\/api.w.org\/{rel}","templated":true}]}}