{"id":39,"date":"2025-03-05T16:24:01","date_gmt":"2025-03-05T16:24:01","guid":{"rendered":"https:\/\/comprarlsdmonterrey.com\/?page_id=39"},"modified":"2025-03-05T16:24:01","modified_gmt":"2025-03-05T16:24:01","slug":"envioscomprar-lsd-avatares-magicos-en-monterrey-nuevo-leon","status":"publish","type":"page","link":"https:\/\/comprarlsdmonterrey.com\/index.php\/envioscomprar-lsd-avatares-magicos-en-monterrey-nuevo-leon\/","title":{"rendered":"Envios"},"content":{"rendered":"<p>ofrecemos m\u00faltiples m\u00e9todos de pago para facilitar tu compra:<\/p>\n<ul>\n<li><strong>OXXO<\/strong>: Puedes pagar en efectivo en cualquier tienda OXXO.<\/li>\n<li><strong>Transferencia Bancaria<\/strong>: Realiza tu pago directamente desde tu cuenta bancaria.<\/li>\n<li><strong>Bitcoin<\/strong>: Aceptamos pagos a trav\u00e9s de la criptomoneda Bitcoin.<\/li>\n<li><strong>PayPal<\/strong>: Pagos r\u00e1pidos y seguros con tu cuenta de PayPal.<\/li>\n<\/ul>\n<p><strong>Env\u00edos R\u00e1pidos y Discretos<\/strong><br \/>\nRealizamos env\u00edos de lunes a viernes, de 9:00 a.m. a 3:00 p.m. Todos nuestros env\u00edos se realizan de forma segura y discreta, sin olor, para garantizar tu privacidad. Los pedidos llegan entre 24 y 48 horas, dependiendo de tu ubicaci\u00f3n<\/p>\n<p>Si deseas seguir tu env\u00edo, por favor solicita el\u00a0<strong>c\u00f3digo de seguimiento<\/strong>\u00a0mediante\u00a0<strong>WhatsApp<\/strong>. Nuestros env\u00edos son 100% seguros, y podemos enviar a tu\u00a0<strong>Airbnb<\/strong>,\u00a0<strong>hotel<\/strong>\u00a0o cualquier direcci\u00f3n que nos proporciones. Aseg\u00farate de incluir el\u00a0<strong>n\u00famero de contacto o de recepci\u00f3n del hotel<\/strong>\u00a0para evitar inconvenientes.<\/p>\n<p>Si tienes alguna pregunta o necesitas m\u00e1s informaci\u00f3n, no dudes en\u00a0<strong>contactarnos por WhatsApp<\/strong>.<\/p>\n<hr \/>\n<p><strong>Payment Methods and Shipping<\/strong><br \/>\n<em>(English)<\/em><\/p>\n<p>we offer multiple payment methods to make your purchase easy:<\/p>\n<ul>\n<li><strong>OXXO<\/strong>: Pay in cash at any OXXO store.<\/li>\n<li><strong>Bank Transfer<\/strong>: Make your payment directly from your bank account.<\/li>\n<li><strong>Bitcoin<\/strong>: We accept payments via Bitcoin cryptocurrency.<\/li>\n<li><strong>PayPal<\/strong>: Fast and secure payments through your PayPal account.<\/li>\n<\/ul>\n<p><strong>Fast and Discreet Shipping<\/strong><br \/>\nWe ship Monday through Friday, from 9:00 a.m. to 3:00 p.m. All shipments are made securely and discreetly, odor-free, to ensure your privacy. Orders arrive within 24 to 48 hours, depending on your location within Playa del Carmen.<\/p>\n<p>If you\u2019d like to track your order, please request the\u00a0<strong>tracking code<\/strong>\u00a0via\u00a0<strong>WhatsApp<\/strong>. Our shipments are 100% secure, and we can send to your\u00a0<strong>Airbnb<\/strong>,\u00a0<strong>hotel<\/strong>, or any address you provide. Be sure to include the\u00a0<strong>contact number or reception number of the hotel<\/strong>\u00a0to avoid any issues.<\/p>\n<p>If you have any questions or need more information, feel free to\u00a0<strong>contact us via WhatsApp<\/strong>.<\/p>\n","protected":false},"excerpt":{"rendered":"<p>ofrecemos m\u00faltiples m\u00e9todos de pago para facilitar tu compra: OXXO: Puedes pagar en efectivo en cualquier tienda OXXO. Transferencia Bancaria: Realiza tu pago directamente desde tu cuenta bancaria. Bitcoin: Aceptamos pagos a trav\u00e9s de la criptomoneda Bitcoin. PayPal: Pagos r\u00e1pidos y seguros con tu cuenta de PayPal. Env\u00edos R\u00e1pidos y Discretos Realizamos env\u00edos de lunes [&hellip;]<\/p>\n","protected":false},"author":1,"featured_media":0,"parent":0,"menu_order":0,"comment_status":"closed","ping_status":"closed","template":"","meta":{"footnotes":""},"class_list":["post-39","page","type-page","status-publish","hentry"],"yoast_head":"<!-- This site is optimized with the Yoast SEO plugin v27.6 - https:\/\/yoast.com\/product\/yoast-seo-wordpress\/ -->\n<title>Envios - Comprar LSD Avatares en Monterrey Nuevo Leon, Rapido, Seguro y en Mano -+528132769756 whatsapp<\/title>\n<meta name=\"description\" content=\"Comprar LSD avatares magicos en Monterrey nuevo leon, ajos, cromos, acidos lisergico, acidos monterrey NL\" \/>\n<meta name=\"robots\" content=\"index, follow, max-snippet:-1, max-image-preview:large, max-video-preview:-1\" \/>\n<link rel=\"canonical\" href=\"https:\/\/comprarlsdmonterrey.com\/index.php\/envioscomprar-lsd-avatares-magicos-en-monterrey-nuevo-leon\/\" \/>\n<meta property=\"og:locale\" content=\"en_US\" \/>\n<meta property=\"og:type\" content=\"article\" \/>\n<meta property=\"og:title\" content=\"Envios - Comprar LSD Avatares en Monterrey Nuevo Leon, Rapido, Seguro y en Mano -+528132769756 whatsapp\" \/>\n<meta property=\"og:description\" content=\"Comprar LSD avatares magicos en Monterrey nuevo leon, ajos, cromos, acidos lisergico, acidos monterrey NL\" \/>\n<meta property=\"og:url\" content=\"https:\/\/comprarlsdmonterrey.com\/index.php\/envioscomprar-lsd-avatares-magicos-en-monterrey-nuevo-leon\/\" \/>\n<meta property=\"og:site_name\" content=\"Comprar LSD Avatares en Monterrey Nuevo Leon, Rapido, Seguro y en Mano -+528132769756 whatsapp\" \/>\n<meta name=\"twitter:card\" content=\"summary_large_image\" \/>\n<meta name=\"twitter:label1\" content=\"Est. reading time\" \/>\n\t<meta name=\"twitter:data1\" content=\"2 minutes\" \/>\n<script type=\"application\/ld+json\" class=\"yoast-schema-graph\">{\"@context\":\"https:\\\/\\\/schema.org\",\"@graph\":[{\"@type\":\"WebPage\",\"@id\":\"https:\\\/\\\/comprarlsdmonterrey.com\\\/index.php\\\/envioscomprar-lsd-avatares-magicos-en-monterrey-nuevo-leon\\\/\",\"url\":\"https:\\\/\\\/comprarlsdmonterrey.com\\\/index.php\\\/envioscomprar-lsd-avatares-magicos-en-monterrey-nuevo-leon\\\/\",\"name\":\"Envios - Comprar LSD Avatares en Monterrey Nuevo Leon, Rapido, Seguro y en Mano -+528132769756 whatsapp\",\"isPartOf\":{\"@id\":\"https:\\\/\\\/comprarlsdmonterrey.com\\\/#website\"},\"datePublished\":\"2025-03-05T16:24:01+00:00\",\"description\":\"Comprar LSD avatares magicos en Monterrey nuevo leon, ajos, cromos, acidos lisergico, acidos monterrey NL\",\"breadcrumb\":{\"@id\":\"https:\\\/\\\/comprarlsdmonterrey.com\\\/index.php\\\/envioscomprar-lsd-avatares-magicos-en-monterrey-nuevo-leon\\\/#breadcrumb\"},\"inLanguage\":\"en-US\",\"potentialAction\":[{\"@type\":\"ReadAction\",\"target\":[\"https:\\\/\\\/comprarlsdmonterrey.com\\\/index.php\\\/envioscomprar-lsd-avatares-magicos-en-monterrey-nuevo-leon\\\/\"]}]},{\"@type\":\"BreadcrumbList\",\"@id\":\"https:\\\/\\\/comprarlsdmonterrey.com\\\/index.php\\\/envioscomprar-lsd-avatares-magicos-en-monterrey-nuevo-leon\\\/#breadcrumb\",\"itemListElement\":[{\"@type\":\"ListItem\",\"position\":1,\"name\":\"Home\",\"item\":\"https:\\\/\\\/comprarlsdmonterrey.com\\\/\"},{\"@type\":\"ListItem\",\"position\":2,\"name\":\"Envios\"}]},{\"@type\":\"WebSite\",\"@id\":\"https:\\\/\\\/comprarlsdmonterrey.com\\\/#website\",\"url\":\"https:\\\/\\\/comprarlsdmonterrey.com\\\/\",\"name\":\"Comprar Avatares en Monterrey Nuevo Leon Rapido\",\"description\":\"Entregas en mano en monterrey nuevo leon y envios a toda la republica +528132769756 whatsapp\",\"publisher\":{\"@id\":\"https:\\\/\\\/comprarlsdmonterrey.com\\\/#organization\"},\"potentialAction\":[{\"@type\":\"SearchAction\",\"target\":{\"@type\":\"EntryPoint\",\"urlTemplate\":\"https:\\\/\\\/comprarlsdmonterrey.com\\\/?s={search_term_string}\"},\"query-input\":{\"@type\":\"PropertyValueSpecification\",\"valueRequired\":true,\"valueName\":\"search_term_string\"}}],\"inLanguage\":\"en-US\"},{\"@type\":\"Organization\",\"@id\":\"https:\\\/\\\/comprarlsdmonterrey.com\\\/#organization\",\"name\":\"Comprar Avatares en Monterrey Nuevo Leon Rapido\",\"url\":\"https:\\\/\\\/comprarlsdmonterrey.com\\\/\",\"logo\":{\"@type\":\"ImageObject\",\"inLanguage\":\"en-US\",\"@id\":\"https:\\\/\\\/comprarlsdmonterrey.com\\\/#\\\/schema\\\/logo\\\/image\\\/\",\"url\":\"https:\\\/\\\/comprarlsdmonterrey.com\\\/wp-content\\\/uploads\\\/2025\\\/03\\\/lv7dyhqsbrv31-300x300-1.jpg\",\"contentUrl\":\"https:\\\/\\\/comprarlsdmonterrey.com\\\/wp-content\\\/uploads\\\/2025\\\/03\\\/lv7dyhqsbrv31-300x300-1.jpg\",\"width\":300,\"height\":300,\"caption\":\"Comprar Avatares en Monterrey Nuevo Leon Rapido\"},\"image\":{\"@id\":\"https:\\\/\\\/comprarlsdmonterrey.com\\\/#\\\/schema\\\/logo\\\/image\\\/\"}}]}<\/script>\n<!-- \/ Yoast SEO plugin. -->","yoast_head_json":{"title":"Envios - Comprar LSD Avatares en Monterrey Nuevo Leon, Rapido, Seguro y en Mano -+528132769756 whatsapp","description":"Comprar LSD avatares magicos en Monterrey nuevo leon, ajos, cromos, acidos lisergico, acidos monterrey NL","robots":{"index":"index","follow":"follow","max-snippet":"max-snippet:-1","max-image-preview":"max-image-preview:large","max-video-preview":"max-video-preview:-1"},"canonical":"https:\/\/comprarlsdmonterrey.com\/index.php\/envioscomprar-lsd-avatares-magicos-en-monterrey-nuevo-leon\/","og_locale":"en_US","og_type":"article","og_title":"Envios - Comprar LSD Avatares en Monterrey Nuevo Leon, Rapido, Seguro y en Mano -+528132769756 whatsapp","og_description":"Comprar LSD avatares magicos en Monterrey nuevo leon, ajos, cromos, acidos lisergico, acidos monterrey NL","og_url":"https:\/\/comprarlsdmonterrey.com\/index.php\/envioscomprar-lsd-avatares-magicos-en-monterrey-nuevo-leon\/","og_site_name":"Comprar LSD Avatares en Monterrey Nuevo Leon, Rapido, Seguro y en Mano -+528132769756 whatsapp","twitter_card":"summary_large_image","twitter_misc":{"Est. reading time":"2 minutes"},"schema":{"@context":"https:\/\/schema.org","@graph":[{"@type":"WebPage","@id":"https:\/\/comprarlsdmonterrey.com\/index.php\/envioscomprar-lsd-avatares-magicos-en-monterrey-nuevo-leon\/","url":"https:\/\/comprarlsdmonterrey.com\/index.php\/envioscomprar-lsd-avatares-magicos-en-monterrey-nuevo-leon\/","name":"Envios - Comprar LSD Avatares en Monterrey Nuevo Leon, Rapido, Seguro y en Mano -+528132769756 whatsapp","isPartOf":{"@id":"https:\/\/comprarlsdmonterrey.com\/#website"},"datePublished":"2025-03-05T16:24:01+00:00","description":"Comprar LSD avatares magicos en Monterrey nuevo leon, ajos, cromos, acidos lisergico, acidos monterrey NL","breadcrumb":{"@id":"https:\/\/comprarlsdmonterrey.com\/index.php\/envioscomprar-lsd-avatares-magicos-en-monterrey-nuevo-leon\/#breadcrumb"},"inLanguage":"en-US","potentialAction":[{"@type":"ReadAction","target":["https:\/\/comprarlsdmonterrey.com\/index.php\/envioscomprar-lsd-avatares-magicos-en-monterrey-nuevo-leon\/"]}]},{"@type":"BreadcrumbList","@id":"https:\/\/comprarlsdmonterrey.com\/index.php\/envioscomprar-lsd-avatares-magicos-en-monterrey-nuevo-leon\/#breadcrumb","itemListElement":[{"@type":"ListItem","position":1,"name":"Home","item":"https:\/\/comprarlsdmonterrey.com\/"},{"@type":"ListItem","position":2,"name":"Envios"}]},{"@type":"WebSite","@id":"https:\/\/comprarlsdmonterrey.com\/#website","url":"https:\/\/comprarlsdmonterrey.com\/","name":"Comprar Avatares en Monterrey Nuevo Leon Rapido","description":"Entregas en mano en monterrey nuevo leon y envios a toda la republica +528132769756 whatsapp","publisher":{"@id":"https:\/\/comprarlsdmonterrey.com\/#organization"},"potentialAction":[{"@type":"SearchAction","target":{"@type":"EntryPoint","urlTemplate":"https:\/\/comprarlsdmonterrey.com\/?s={search_term_string}"},"query-input":{"@type":"PropertyValueSpecification","valueRequired":true,"valueName":"search_term_string"}}],"inLanguage":"en-US"},{"@type":"Organization","@id":"https:\/\/comprarlsdmonterrey.com\/#organization","name":"Comprar Avatares en Monterrey Nuevo Leon Rapido","url":"https:\/\/comprarlsdmonterrey.com\/","logo":{"@type":"ImageObject","inLanguage":"en-US","@id":"https:\/\/comprarlsdmonterrey.com\/#\/schema\/logo\/image\/","url":"https:\/\/comprarlsdmonterrey.com\/wp-content\/uploads\/2025\/03\/lv7dyhqsbrv31-300x300-1.jpg","contentUrl":"https:\/\/comprarlsdmonterrey.com\/wp-content\/uploads\/2025\/03\/lv7dyhqsbrv31-300x300-1.jpg","width":300,"height":300,"caption":"Comprar Avatares en Monterrey Nuevo Leon Rapido"},"image":{"@id":"https:\/\/comprarlsdmonterrey.com\/#\/schema\/logo\/image\/"}}]}},"_links":{"self":[{"href":"https:\/\/comprarlsdmonterrey.com\/index.php\/wp-json\/wp\/v2\/pages\/39","targetHints":{"allow":["GET"]}}],"collection":[{"href":"https:\/\/comprarlsdmonterrey.com\/index.php\/wp-json\/wp\/v2\/pages"}],"about":[{"href":"https:\/\/comprarlsdmonterrey.com\/index.php\/wp-json\/wp\/v2\/types\/page"}],"author":[{"embeddable":true,"href":"https:\/\/comprarlsdmonterrey.com\/index.php\/wp-json\/wp\/v2\/users\/1"}],"replies":[{"embeddable":true,"href":"https:\/\/comprarlsdmonterrey.com\/index.php\/wp-json\/wp\/v2\/comments?post=39"}],"version-history":[{"count":1,"href":"https:\/\/comprarlsdmonterrey.com\/index.php\/wp-json\/wp\/v2\/pages\/39\/revisions"}],"predecessor-version":[{"id":40,"href":"https:\/\/comprarlsdmonterrey.com\/index.php\/wp-json\/wp\/v2\/pages\/39\/revisions\/40"}],"wp:attachment":[{"href":"https:\/\/comprarlsdmonterrey.com\/index.php\/wp-json\/wp\/v2\/media?parent=39"}],"curies":[{"name":"wp","href":"https:\/\/api.w.org\/{rel}","templated":true}]}}